{"id":23,"date":"2013-05-08T17:46:53","date_gmt":"2013-05-08T17:46:53","guid":{"rendered":"http:\/\/treffeisen.net\/wordpress\/wordpress\/?page_id=23"},"modified":"2015-09-13T15:11:11","modified_gmt":"2015-09-13T15:11:11","slug":"kurz-deutsch","status":"publish","type":"page","link":"http:\/\/treffeisen.net\/wordpress\/kurz-deutsch\/","title":{"rendered":"Kurzprofil"},"content":{"rendered":"<table border=\"0\" width=\"100%\" cellspacing=\"0\" cellpadding=\"0\">\n<tbody>\n<tr>\n<td class=\"blackline\" colspan=\"3\" height=\"1\"><\/td>\n<td class=\"blackline\" height=\"1\"><\/td>\n<\/tr>\n<tr>\n<td class=\"head\" colspan=\"3\">Pers\u00f6nliche Daten<\/td>\n<td class=\"head\"><\/td>\n<\/tr>\n<tr>\n<td class=\"blackline\" colspan=\"3\" height=\"1\"><\/td>\n<td class=\"blackline\" height=\"1\"><\/td>\n<\/tr>\n<tr>\n<td colspan=\"3\">Name<\/td>\n<td>Andr\u00e9 Treffeisen<\/td>\n<\/tr>\n<tr>\n<td colspan=\"3\">Geburtsdatum<\/td>\n<td>24.09.1967<\/td>\n<\/tr>\n<tr>\n<td colspan=\"3\">Familienstand<\/td>\n<td>ledig<\/td>\n<\/tr>\n<tr>\n<td colspan=\"3\">Telefon DE<\/td>\n<td>0049 0173 87 57 67 1<\/td>\n<\/tr>\n<tr>\n<td colspan=\"3\">Telefon UK<\/td>\n<td>0044 07950 140 104<\/td>\n<\/tr>\n<tr>\n<td colspan=\"3\">eMail (remove &gt;NOSPAM&lt;)<\/td>\n<td>director@&gt;N_O S*P A_M&lt;treffeisen.net<\/td>\n<\/tr>\n<tr>\n<td colspan=\"3\">Homepage<\/td>\n<td>http:\/\/www.treffeisen.net<\/td>\n<\/tr>\n<tr>\n<td class=\"blackline\" colspan=\"3\" height=\"1\"><\/td>\n<td class=\"blackline\" height=\"1\"><\/td>\n<\/tr>\n<tr>\n<td class=\"head\" colspan=\"3\">Ausbildung<\/td>\n<td class=\"head\"><\/td>\n<\/tr>\n<tr>\n<td class=\"blackline\" colspan=\"3\" height=\"1\"><\/td>\n<td class=\"blackline\" height=\"1\"><\/td>\n<\/tr>\n<tr>\n<td colspan=\"3\">Schulabschlu\u00df<\/td>\n<td>Mittlere Reife<\/td>\n<\/tr>\n<tr>\n<td colspan=\"3\"><\/td>\n<td>Fachhochschulreife<\/td>\n<\/tr>\n<tr>\n<td colspan=\"3\">Studium<\/td>\n<td>Diplom &#8211; Informatiker, FH W\u00fcrzburg<\/td>\n<\/tr>\n<tr>\n<td colspan=\"3\">Fortbildung<\/td>\n<td>Securities &amp; Investment Institute&#8217;s (SII) Diplom<\/td>\n<\/tr>\n<tr>\n<td colspan=\"3\"><\/td>\n<td>Ausbildereignungspr\u00fcfung (IHK)<\/td>\n<\/tr>\n<tr>\n<td colspan=\"3\"><\/td>\n<td>Microsoft Certified Systems Engineer (MCSE)<\/td>\n<\/tr>\n<tr>\n<td class=\"blackline\" colspan=\"3\" height=\"1\"><\/td>\n<td class=\"blackline\" height=\"1\"><\/td>\n<\/tr>\n<tr>\n<td class=\"head\" colspan=\"3\">T\u00e4tigkeiten<\/td>\n<td class=\"head\"><\/td>\n<\/tr>\n<tr>\n<td class=\"blackline\" colspan=\"3\" height=\"1\"><\/td>\n<td class=\"blackline\" height=\"1\"><\/td>\n<\/tr>\n<tr>\n<td colspan=\"3\">\n<table>\n<tbody>\n<tr>\n<td width=\"60\">Aug-94<\/td>\n<td width=\"15\">&#8211;<\/td>\n<td>May-98<\/td>\n<\/tr>\n<\/tbody>\n<\/table>\n<\/td>\n<td>EDV Mitarbeiter (Entwicklung, Programmierung) f\u00fcr Treffeisen &amp; Roder GmbH, Wiggensbach<\/td>\n<\/tr>\n<tr>\n<td colspan=\"3\">\n<table>\n<tbody>\n<tr>\n<td width=\"60\">Jul-97<\/td>\n<td width=\"15\">&#8211;<\/td>\n<td>Jan-98<\/td>\n<\/tr>\n<\/tbody>\n<\/table>\n<\/td>\n<td>Technischer Mitarbeiter bei ComTech GmbH, W\u00fcrzburg<\/td>\n<\/tr>\n<tr>\n<td colspan=\"3\">\n<table>\n<tbody>\n<tr>\n<td width=\"60\">Nov-97<\/td>\n<td width=\"15\">&#8211;<\/td>\n<td>Oct-99<\/td>\n<\/tr>\n<\/tbody>\n<\/table>\n<\/td>\n<td>Freischaffender Informatiker (Projekt f\u00fcr Deutsche Post in Zusammenarbeit mit Iris GmbH, W\u00fcrzburg)<\/td>\n<\/tr>\n<tr>\n<td colspan=\"3\">\n<table>\n<tbody>\n<tr>\n<td width=\"60\">Jul-99<\/td>\n<td><\/td>\n<td><\/td>\n<\/tr>\n<\/tbody>\n<\/table>\n<\/td>\n<td>Freischaffender Informatiker (Projekt f\u00fcr Justitz Bayern in Zusammenarbeit mit Kossorz Consulting, W\u00fcrzburg)<\/td>\n<\/tr>\n<tr>\n<td colspan=\"3\">\n<table>\n<tbody>\n<tr>\n<td width=\"60\">Mar-00<\/td>\n<td width=\"15\">&#8211;<\/td>\n<td>Apr-02<\/td>\n<\/tr>\n<\/tbody>\n<\/table>\n<\/td>\n<td>Consultant f\u00fcr CMG Finance GmbH (bought by Logica, now CGI Group), Eschborn (Verschiedene Projekte f\u00fcr Bay. Vereinsbank, Dresdner Bank, CMG UK)<\/td>\n<\/tr>\n<tr>\n<td colspan=\"3\">\n<table>\n<tbody>\n<tr>\n<td width=\"60\">Apr-02<\/td>\n<td width=\"15\">&#8211;<\/td>\n<td>Dec-02<\/td>\n<\/tr>\n<\/tbody>\n<\/table>\n<\/td>\n<td>Freischaffender Informatiker (Projekt bei Dresdner Bank, Frankfurt in Zusammenarbeit mit HigHQ for the financial industry GmbH, Ottobrunn)<\/td>\n<\/tr>\n<tr>\n<td colspan=\"3\">\n<table>\n<tbody>\n<tr>\n<td width=\"60\">Oct-03<\/td>\n<td width=\"15\">&#8211;<\/td>\n<td>Feb-03<\/td>\n<\/tr>\n<\/tbody>\n<\/table>\n<\/td>\n<td>Freischaffender Informatiker (Verschiedene Internetauftritte)<\/td>\n<\/tr>\n<tr>\n<td colspan=\"3\">\n<table>\n<tbody>\n<tr>\n<td width=\"60\">May-03<\/td>\n<td width=\"15\">&#8211;<\/td>\n<td>May-04<\/td>\n<\/tr>\n<\/tbody>\n<\/table>\n<\/td>\n<td>Consultant f\u00fcr HighQ for the financial industry GmbH, Ottobrunn\/M\u00fcnchen (Projekt bei The Royal Bank of Scotland)<\/td>\n<\/tr>\n<tr>\n<td colspan=\"3\">\n<table>\n<tbody>\n<tr>\n<td width=\"60\">Jun-04<\/td>\n<td width=\"15\">&#8211;<\/td>\n<td align=\"right\">Apr-08<\/td>\n<\/tr>\n<\/tbody>\n<\/table>\n<\/td>\n<td>Freischaffender Informatiker (Projekt bei The Royal Bank of Scotland)<\/td>\n<\/tr>\n<tr>\n<td colspan=\"3\">\n<table>\n<tbody>\n<tr>\n<td width=\"60\">May-08<\/td>\n<td width=\"15\">&#8211;<\/td>\n<td align=\"right\">Dec-08<\/td>\n<\/tr>\n<\/tbody>\n<\/table>\n<\/td>\n<td>Freischaffender Informatiker (Projekt bei HVB &#8211; UniCredit Group)<\/td>\n<\/tr>\n<tr>\n<td colspan=\"3\">\n<table>\n<tbody>\n<tr>\n<td width=\"60\">Jul-09<\/td>\n<td width=\"15\">&#8211;<\/td>\n<td align=\"right\">Feb-10<\/td>\n<\/tr>\n<\/tbody>\n<\/table>\n<\/td>\n<td>Freischaffender Informatiker (Projekt bei LBBW &#8211; Landesbank Baden-W\u00fcrtemberg)<\/td>\n<\/tr>\n<tr>\n<td colspan=\"3\">\n<table>\n<tbody>\n<tr>\n<td width=\"60\">Feb-10<\/td>\n<td width=\"15\">&#8211;<\/td>\n<td align=\"right\">Jun-10<\/td>\n<\/tr>\n<\/tbody>\n<\/table>\n<\/td>\n<td>Freischaffender Informatiker (Projekt f\u00fcr Calypso, London bei Gazprombank, Moskau)<\/td>\n<\/tr>\n<tr>\n<td colspan=\"3\">\n<table>\n<tbody>\n<tr>\n<td width=\"60\">Jun-10<\/td>\n<td width=\"15\">&#8211;<\/td>\n<td align=\"right\">Jan-13<\/td>\n<\/tr>\n<\/tbody>\n<\/table>\n<\/td>\n<td>Freischaffender Informatiker (Projekt bei James Caird Asset Management (JCAM), London)<\/td>\n<\/tr>\n<tr>\n<td colspan=\"3\">\n<table>\n<tbody>\n<tr>\n<td width=\"60\">Jan-13<\/td>\n<td width=\"15\">&#8211;<\/td>\n<td>M\u00e4r-14<\/td>\n<\/tr>\n<\/tbody>\n<\/table>\n<\/td>\n<td>Freischaffender Informatiker (Projekt bei COMAC Capital LLP, London)<\/td>\n<\/tr>\n<tr>\n<td colspan=\"3\">\n<table>\n<tbody>\n<tr>\n<td width=\"60\">M\u00e4r-14<\/td>\n<td width=\"15\">&#8211;<\/td>\n<td>Mai-14<\/td>\n<\/tr>\n<\/tbody>\n<\/table>\n<\/td>\n<td>Fortbildung &#8211; PRINCE2 (Projektmanagement) und SCRUM Master<\/td>\n<\/tr>\n<tr>\n<td colspan=\"3\">\n<table>\n<tbody>\n<tr>\n<td width=\"60\">Jun-14<\/td>\n<td width=\"15\">&#8211;<\/td>\n<td>Dez-14<\/td>\n<\/tr>\n<\/tbody>\n<\/table>\n<\/td>\n<td>Freischaffender Informatiker (Projekt bei Letter One, London)<\/td>\n<\/tr>\n<tr>\n<td colspan=\"3\">\n<table>\n<tbody>\n<tr>\n<td width=\"60\">Jan-15<\/td>\n<td width=\"15\">&#8211;<\/td>\n<td>Apr-15<\/td>\n<\/tr>\n<\/tbody>\n<\/table>\n<\/td>\n<td>Fortbildung Agile Projektmanagement (APMG) und Coursera.org (Data Scientist, Android Programming)<\/td>\n<\/tr>\n<tr>\n<td colspan=\"3\">\n<table>\n<tbody>\n<tr>\n<td width=\"60\">Feb-15<\/td>\n<td width=\"15\">&#8211;<\/td>\n<td>M\u00e4r-15<\/td>\n<\/tr>\n<\/tbody>\n<\/table>\n<\/td>\n<td>Freischaffender Informatiker (Projekt bei Credit Du Nord, Paris)<\/td>\n<\/tr>\n<tr>\n<td colspan=\"3\">\n<table>\n<tbody>\n<tr>\n<td width=\"60\">Apr-15<\/td>\n<td width=\"15\">&#8211;<\/td>\n<td>Dez-15<\/td>\n<\/tr>\n<\/tbody>\n<\/table>\n<\/td>\n<td>Freischaffender Informatiker (Projekt bei Erste Bank, Wien)<\/td>\n<\/tr>\n<tr>\n<td class=\"blackline\" colspan=\"3\" height=\"1\"><\/td>\n<td class=\"blackline\" height=\"1\"><\/td>\n<\/tr>\n<tr>\n<td class=\"head\" colspan=\"3\">Kenntnisse<\/td>\n<td class=\"head\"><\/td>\n<\/tr>\n<tr>\n<td class=\"blackline\" colspan=\"3\" height=\"1\"><\/td>\n<td class=\"blackline\" height=\"1\"><\/td>\n<\/tr>\n<tr>\n<td colspan=\"3\">Betriebssysteme<\/td>\n<td>Windows (alle Systeme), Unix System 5<\/td>\n<\/tr>\n<tr>\n<td colspan=\"3\">Datenbanken<\/td>\n<td>Oracle 11i, 10g, 9i, 8i und 7.3, MS SQL Server 7.0, MS Access, Sybase, SqlBASE 6.0<\/td>\n<\/tr>\n<tr>\n<td colspan=\"3\">Programmiersprachen<\/td>\n<td>SQL, Java, PL\/SQL, HTML, Javascript, VBA, Visual Basic, SqlWindows<\/td>\n<\/tr>\n<tr>\n<td colspan=\"3\">Programmiersprachen (Kenntnisse)<\/td>\n<td>PowerBuilder, Cobol, C\/C++, Bash, Kornshell, STEP 5\/7, Pascal (Delphi)<\/td>\n<\/tr>\n<tr>\n<td colspan=\"3\">Spezial-Software<\/td>\n<td>Calypso (www.calypso.com), Handels- und Abwicklungssystem f\u00fcr Investment Banking<\/td>\n<\/tr>\n<tr>\n<td colspan=\"3\">Tools<\/td>\n<td>Eclipse, JBuilder, Netbeans, Subversion, CVS, Continuus, Erwin, Visio 2000, MS Project, Together, HomeSite,<br \/>\nDreamweaver, Toad, Rapid SQL, PL\/SQL Station<\/td>\n<\/tr>\n<tr>\n<td colspan=\"3\"><\/td>\n<td>MS Office, Open Office, Kommunikationssoftware (WWW, eMail, news), Photoshop, GIMP<\/td>\n<\/tr>\n<tr>\n<td colspan=\"3\">Fremdsprachen<\/td>\n<td>Englisch in Wort und Schrift, seit 1978<\/td>\n<\/tr>\n<tr>\n<td colspan=\"3\"><\/td>\n<td>Franz\u00f6sisch Grundkenntnisse<\/td>\n<\/tr>\n<tr>\n<td class=\"blackline\" colspan=\"3\" height=\"1\"><\/td>\n<td class=\"blackline\" height=\"1\"><\/td>\n<\/tr>\n<tr>\n<td class=\"head\" colspan=\"3\">Sonstiges<\/td>\n<td class=\"head\"><\/td>\n<\/tr>\n<tr>\n<td class=\"blackline\" colspan=\"3\" height=\"1\"><\/td>\n<td class=\"blackline\" height=\"1\"><\/td>\n<\/tr>\n<tr>\n<td colspan=\"3\"><\/td>\n<td>Textverarbeitung, 140 Anschl\u00e4ge<\/td>\n<\/tr>\n<tr>\n<td colspan=\"3\"><\/td>\n<td>F\u00fchrerschein Klasse 3<\/td>\n<\/tr>\n<tr>\n<td colspan=\"3\"><\/td>\n<td>Nichtraucher<\/td>\n<\/tr>\n<tr>\n<td colspan=\"3\"><\/td>\n<td><\/td>\n<\/tr>\n<tr>\n<td colspan=\"4\"><\/td>\n<\/tr>\n<\/tbody>\n<\/table>\n<!--themify_builder_content-->\n<div id=\"themify_builder_content-23\" data-postid=\"23\" class=\"themify_builder_content themify_builder_content-23 themify_builder tf_clear\">\n    <\/div>\n<!--\/themify_builder_content-->\n","protected":false},"excerpt":{"rendered":"<p>Pers\u00f6nliche Daten Name Andr\u00e9 Treffeisen Geburtsdatum 24.09.1967 Familienstand ledig Telefon DE 0049 0173 87 57 67 1 Telefon UK 0044 07950 140 104 eMail (remove &gt;NOSPAM&lt;) director@&gt;N_O S*P A_M&lt;treffeisen.net Homepage http:\/\/www.treffeisen.net Ausbildung Schulabschlu\u00df Mittlere Reife Fachhochschulreife Studium Diplom &#8211; Informatiker, FH W\u00fcrzburg Fortbildung Securities &amp; Investment Institute&#8217;s (SII) Diplom Ausbildereignungspr\u00fcfung (IHK) Microsoft Certified Systems Engineer [&hellip;]<\/p>\n","protected":false},"author":1,"featured_media":0,"parent":0,"menu_order":0,"comment_status":"closed","ping_status":"open","template":"page.php","meta":{"footnotes":""},"class_list":["post-23","page","type-page","status-publish","hentry","has-post-title","has-post-date","has-post-category","has-post-tag","has-post-comment","has-post-author",""],"_links":{"self":[{"href":"http:\/\/treffeisen.net\/wordpress\/wp-json\/wp\/v2\/pages\/23","targetHints":{"allow":["GET"]}}],"collection":[{"href":"http:\/\/treffeisen.net\/wordpress\/wp-json\/wp\/v2\/pages"}],"about":[{"href":"http:\/\/treffeisen.net\/wordpress\/wp-json\/wp\/v2\/types\/page"}],"author":[{"embeddable":true,"href":"http:\/\/treffeisen.net\/wordpress\/wp-json\/wp\/v2\/users\/1"}],"replies":[{"embeddable":true,"href":"http:\/\/treffeisen.net\/wordpress\/wp-json\/wp\/v2\/comments?post=23"}],"version-history":[{"count":60,"href":"http:\/\/treffeisen.net\/wordpress\/wp-json\/wp\/v2\/pages\/23\/revisions"}],"predecessor-version":[{"id":1348,"href":"http:\/\/treffeisen.net\/wordpress\/wp-json\/wp\/v2\/pages\/23\/revisions\/1348"}],"wp:attachment":[{"href":"http:\/\/treffeisen.net\/wordpress\/wp-json\/wp\/v2\/media?parent=23"}],"curies":[{"name":"wp","href":"https:\/\/api.w.org\/{rel}","templated":true}]}}